{"id":3905,"date":"2018-01-11T16:43:30","date_gmt":"2018-01-11T15:43:30","guid":{"rendered":"http:\/\/www.memberscostablanca.com\/la-empresa\/"},"modified":"2018-12-17T11:57:24","modified_gmt":"2018-12-17T10:57:24","slug":"ueber-uns","status":"publish","type":"page","link":"https:\/\/www.membersglobal.com\/de\/ueber-uns\/","title":{"rendered":"\u00dcber uns"},"content":{"rendered":"<section class=\"wpb-content-wrapper\"><p>[vc_row][vc_column][vc_column_text]<\/p>\n<h2 style=\"text-align: center;\">Herzlich Willkommen bei<\/h2>\n<p style=\"text-align: center;\"><strong><img decoding=\"async\" loading=\"lazy\" class=\"aligncenter wp-image-7467 size-full\" src=\"https:\/\/www.membersglobal.com\/wp-content\/uploads\/2018\/12\/weblogo-m.png\" alt=\"\" width=\"204\" height=\"69\" \/><\/strong><\/p>\n<p style=\"text-align: center;\"><strong>Ihrem Partner f\u00fcr ausgesuchte Immobilien an der Costa Blanca.<\/strong><\/p>\n<p>[\/vc_column_text][vc_column_text]Der Sitz unseres Unternehmens ist Calpe. Gelegen im Zentrum der n\u00f6rdlichen Costa Blanca mit dessen Wahrzeichen, dem Pe\u00f1on de Ifach.[\/vc_column_text][vc_column_text]<\/p>\n<h4>Kauf- und Verkaufsvermittlung<\/h4>\n<p>Der Gegenstand unseres Unternehmens ist die Vermittlung, der An- und Verkauf von Immobilien jeglicher Art an der n\u00f6rdlichen Costa Blanca (Calpe, Altea, Benidorm, Moraira Javea, etc.). Sowohl an der K\u00fcste, als auch im Hinterland. Um- und Neubauten, sowie Renovierungen jedweder Art f\u00fchren wir selbst durch oder empfehlen auf Wunsch die richtigen Partner.<\/p>\n<p>Im Ausland arbeiten wir mit namhaften Immobilienb\u00fcros und Agenten zusammen.<\/p>\n<p>Speziell durch unsere Aktivit\u00e4ten in China haben wir dort auch ein eigenes B\u00fcro, in dem wir ganzj\u00e4hrig Spanien, speziell die n\u00f6rdliche Costa Blanca pr\u00e4sentieren.[\/vc_column_text][vc_row_inner][vc_column_inner width=&#8220;1\/3&#8243;][vc_single_image image=&#8220;3709&#8243; img_size=&#8220;full&#8220;][\/vc_column_inner][vc_column_inner width=&#8220;1\/3&#8243;][vc_single_image image=&#8220;3697&#8243; img_size=&#8220;full&#8220;][\/vc_column_inner][vc_column_inner width=&#8220;1\/3&#8243;][vc_single_image image=&#8220;3703&#8243; img_size=&#8220;full&#8220;][\/vc_column_inner][\/vc_row_inner][vc_column_text]<\/p>\n<h4>Immobilienerwerb<\/h4>\n<p>Eine Immobilie zu kaufen ist Vertrauenssache. Die Aufgabe des Maklers muss sein, Ihnen bei Ihren Entscheidungen zu helfen, Sie auf Notwendigkeiten aufmerksam zu machen, alles zu pr\u00fcfen, bevor ein Entschluss gefasst wird. Es gibt eine Menge Dinge, die man beachten muss, um die richtige Immobilie zu finden. Und daf\u00fcr haben Sie einen Partner \u2013 den Makler &#8211; der Ihnen mit Rat und Tat zur Seite steht.<\/p>\n<p>Selbstverst\u00e4ndlich bieten wir jeglichen Service vor und was besonders wichtig ist, nat\u00fcrlich auch nach dem Kauf. Unsere gr\u00f6\u00dfte Herausforderung ist es, unseren Kunden genau die Immobilie zu verkaufen, die Ihren Wunschvorstellungen entspricht und mit der sie auch nach Jahren noch Freude haben.<\/p>\n<p>Jede \u00dcbertragung einer Immobilie wird durch unsere Anwaltskanzlei durchgef\u00fchrt, wodurch eine genaue \u00dcberpr\u00fcfung aller Formalit\u00e4ten und Papiere gew\u00e4hrleistet wird.[\/vc_column_text][vc_row_inner][vc_column_inner width=&#8220;1\/2&#8243;][vc_single_image image=&#8220;3700&#8243; img_size=&#8220;full&#8220;][\/vc_column_inner][vc_column_inner width=&#8220;1\/2&#8243;][vc_single_image image=&#8220;3713&#8243; img_size=&#8220;full&#8220;][\/vc_column_inner][\/vc_row_inner][\/vc_column][\/vc_row][vc_row full_width=&#8220;stretch_row&#8220; css=&#8220;.vc_custom_1518016882570{padding-top: 20px !important;padding-bottom: 20px !important;}&#8220;][vc_column width=&#8220;1\/2&#8243;][vc_column_text]<\/p>\n<h4>B\u00fcro Spanien<\/h4>\n<p>[\/vc_column_text][vc_row_inner][vc_column_inner width=&#8220;1\/3&#8243;][vc_single_image image=&#8220;3717&#8243; img_size=&#8220;full&#8220;][\/vc_column_inner][vc_column_inner width=&#8220;2\/3&#8243;][vc_column_text]Avda Gabriel Mir\u00f3 34 &#8211; 2\u00b0 &#8211; Local 10<br \/>\n03710 Calpe (Alicante)<br \/>\nSpanien<\/p>\n<p>Tel: +34 865 649 887<br \/>\nMob: +34 666 481 545<\/p>\n<p><a href=\"mailto:info@membersglobal.com\"> info@membersglobal.com<\/a>[\/vc_column_text][\/vc_column_inner][\/vc_row_inner][\/vc_column][vc_column width=&#8220;1\/2&#8243;][vc_column_text]<\/p>\n<h4>B\u00fcro China<\/h4>\n<p>[\/vc_column_text][vc_row_inner][vc_column_inner width=&#8220;1\/3&#8243;][vc_single_image image=&#8220;3706&#8243; img_size=&#8220;full&#8220;][\/vc_column_inner][vc_column_inner width=&#8220;2\/3&#8243;][vc_column_text]Tongji Road No.66<br \/>\nChangcheng District<br \/>\nFoshan &#8211; China<\/p>\n<p>Mob: +86 137 0256 6424<\/p>\n<p><a href=\"mailto:jianying@membersglobal.com\"> jianying@membersglobal.com<\/a>[\/vc_column_text][\/vc_column_inner][\/vc_row_inner][\/vc_column][\/vc_row][vc_row][vc_column][vc_column_text]<\/p>\n<p style=\"font-size: 12px;\"><em><strong>Erkl\u00e4rung:\u00a0<\/strong>Wir m\u00f6chten darauf hinweisen, dass der Inhalt dieser Seiten ausschlie\u00dflich zur Information dient und daraus keinerlei Rechtsanspr\u00fcche an unser Unternehmen gestellt werden k\u00f6nnen. S\u00e4mtliche Daten und Informationen unserer Objekte sind von den jeweiligen Eigent\u00fcmern. Es besteht die M\u00f6glichkeit, dass Immobilien zum aktuellen Zeitpunkt nicht mehr verf\u00fcgbar sind, oder diverse \u00c4nderungen durchgef\u00fchrt wurden, wor\u00fcber wir nicht informiert wurden.<\/em><\/p>\n<p>[\/vc_column_text][\/vc_column][\/vc_row]<\/p>\n<\/section>","protected":false},"excerpt":{"rendered":"<p>[vc_row][vc_column][vc_column_text] Herzlich Willkommen bei Ihrem Partner f\u00fcr ausgesuchte Immobilien an der Costa Blanca. [\/vc_column_text][vc_column_text]Der Sitz unseres Unternehmens ist Calpe. Gelegen im Zentrum der n\u00f6rdlichen Costa Blanca mit dessen Wahrzeichen, dem Pe\u00f1on de Ifach.[\/vc_column_text][vc_column_text] Kauf- und Verkaufsvermittlung Der Gegenstand unseres Unternehmens ist die Vermittlung, der An- und Verkauf von Immobilien jeglicher Art an der n\u00f6rdlichen Costa [&hellip;]<\/p>\n","protected":false},"author":1,"featured_media":0,"parent":0,"menu_order":4,"comment_status":"closed","ping_status":"closed","template":"page-templates\/full-width.php","meta":[],"_links":{"self":[{"href":"https:\/\/www.membersglobal.com\/de\/wp-json\/wp\/v2\/pages\/3905"}],"collection":[{"href":"https:\/\/www.membersglobal.com\/de\/wp-json\/wp\/v2\/pages"}],"about":[{"href":"https:\/\/www.membersglobal.com\/de\/wp-json\/wp\/v2\/types\/page"}],"author":[{"embeddable":true,"href":"https:\/\/www.membersglobal.com\/de\/wp-json\/wp\/v2\/users\/1"}],"replies":[{"embeddable":true,"href":"https:\/\/www.membersglobal.com\/de\/wp-json\/wp\/v2\/comments?post=3905"}],"version-history":[{"count":5,"href":"https:\/\/www.membersglobal.com\/de\/wp-json\/wp\/v2\/pages\/3905\/revisions"}],"predecessor-version":[{"id":7473,"href":"https:\/\/www.membersglobal.com\/de\/wp-json\/wp\/v2\/pages\/3905\/revisions\/7473"}],"wp:attachment":[{"href":"https:\/\/www.membersglobal.com\/de\/wp-json\/wp\/v2\/media?parent=3905"}],"curies":[{"name":"wp","href":"https:\/\/api.w.org\/{rel}","templated":true}]}}