{"id":3651,"date":"2018-03-14T17:22:14","date_gmt":"2018-03-14T16:22:14","guid":{"rendered":"http:\/\/www.memberscostablanca.com\/alquileres\/"},"modified":"2018-09-06T19:50:03","modified_gmt":"2018-09-06T17:50:03","slug":"vermietung","status":"publish","type":"page","link":"https:\/\/www.membersglobal.com\/de\/vermietung\/","title":{"rendered":"Vermietung"},"content":{"rendered":"<section class=\"wpb-content-wrapper\"><p>[vc_row][vc_column][vc_column_text]<\/p>\n<h3>Immobilienvermietung<\/h3>\n<p><img decoding=\"async\" loading=\"lazy\" class=\"alignleft wp-image-3758\" src=\"https:\/\/www.memberscostablanca.com\/wp-content\/uploads\/2018\/04\/alquileres-2.jpg\" alt=\"\" width=\"500\" height=\"313\" srcset=\"https:\/\/www.membersglobal.com\/wp-content\/uploads\/2018\/04\/alquileres-2.jpg 800w, https:\/\/www.membersglobal.com\/wp-content\/uploads\/2018\/04\/alquileres-2-300x188.jpg 300w, https:\/\/www.membersglobal.com\/wp-content\/uploads\/2018\/04\/alquileres-2-768x480.jpg 768w\" sizes=\"(max-width: 500px) 100vw, 500px\" \/><\/p>\n<p>Wir bieten H\u00e4user und Apartments speziell in Calpe an der n\u00f6rdlichen Costa Blanca an, weil hier hervorragende klimatische Bedingungen herrschen, welche \u00fcber 300 Sonnentage im Jahr bescheren, es gibt keinen Winter und die Nachttemperaturen in den Wintermonaten fallen selten unter + 10\u00b0 C.<\/p>\n<p>Au\u00dferdem verf\u00fcgt hier das Meer \u00fcber eine besonders gute Wasserqualit\u00e4t.<\/p>\n<p>Die Empfehlung der WHO macht diese Gegend auch f\u00fcr alle Bronchial-, Asthma-, Allergie- und Kreislaufkranken zu einem wahren Ort der Erholung und Entspannung.<\/p>\n<p>Auch sind Sie auf Grund der hervorragenden Infrastruktur an keine festgelegten Urlaubszeiten gebunden, da Restaurants, Gesch\u00e4fte, etc. auch au\u00dferhalb der \u00fcblichen Saisonen ge\u00f6ffnet haben.<\/p>\n<p>Die Immobilien, welche wir anbieten sind ausgesuchte Objekte und keine Ferienh\u00e4user im herk\u00f6mmlichen Stil. Die H\u00e4user sind ausgesprochen sch\u00f6n und gepflegt, haben gr\u00f6\u00dftenteils Meerblick und die Ausstattung ist optimal. Sie brauchen daher nicht auf Ihren gewohnten Komfort zu verzichten, sind also fernab von zu Hause und leben doch wie zu Hause.<\/p>\n<p><img decoding=\"async\" loading=\"lazy\" class=\"alignright wp-image-3755\" src=\"https:\/\/www.memberscostablanca.com\/wp-content\/uploads\/2018\/04\/alquileres-1.jpg\" alt=\"\" width=\"500\" height=\"313\" srcset=\"https:\/\/www.membersglobal.com\/wp-content\/uploads\/2018\/04\/alquileres-1.jpg 800w, https:\/\/www.membersglobal.com\/wp-content\/uploads\/2018\/04\/alquileres-1-300x188.jpg 300w, https:\/\/www.membersglobal.com\/wp-content\/uploads\/2018\/04\/alquileres-1-768x480.jpg 768w\" sizes=\"(max-width: 500px) 100vw, 500px\" \/><\/p>\n<p>Wir legen allergr\u00f6\u00dften Wert auf eine pers\u00f6nliche Betreuung. Uns ist wichtig, dass unsere Mieter ohne Komplikationen ein Haus oder Apartment betreten und sofort ihren Urlaub genie\u00dfen k\u00f6nnen.<\/p>\n<p>Schon bei der Ankunft unserer G\u00e4ste arbeiten wir unterschiedlich zu vielen anderen Anbietern. Wir vereinbaren mit unseren Mietern einen Treffpunkt an dem wir sie abholen und direkt in das Objekt bringen. Denn oft ist es schwierig, gleich die Adresse zu finden, speziell in Urbanisationen.<\/p>\n<p>Nat\u00fcrlich sind auch all unsere Objekte voll ausgestattet und in den Preisen ist alles enthalten. Auch Bettw\u00e4sche, Handt\u00fccher, etc. Nur die Endreinigung kommt noch einmalig dazu. Sie betreten unsere Objekte wie ein Hotel. Alles ist bereit f\u00fcr Ihren Urlaub!<\/p>\n<p><strong>\u00a0<\/strong>Wir k\u00fcmmern uns in allen Fragen um Sie und stehen mit Informationen \u00fcber Einkaufsm\u00f6glichkeiten, Sportaktivit\u00e4ten, Essen, etc. jederzeit gerne zur Verf\u00fcgung.[\/vc_column_text][\/vc_column][\/vc_row][vc_row][vc_column][\/vc_column][\/vc_row]<\/p>\n<\/section>","protected":false},"excerpt":{"rendered":"<p>[vc_row][vc_column][vc_column_text] Immobilienvermietung Wir bieten H\u00e4user und Apartments speziell in Calpe an der n\u00f6rdlichen Costa Blanca an, weil hier hervorragende klimatische Bedingungen herrschen, welche \u00fcber 300 Sonnentage im Jahr bescheren, es gibt keinen Winter und die Nachttemperaturen in den Wintermonaten fallen selten unter + 10\u00b0 C. Au\u00dferdem verf\u00fcgt hier das Meer \u00fcber eine besonders gute Wasserqualit\u00e4t. [&hellip;]<\/p>\n","protected":false},"author":1,"featured_media":0,"parent":0,"menu_order":3,"comment_status":"closed","ping_status":"closed","template":"page-templates\/properties-list.php","meta":[],"_links":{"self":[{"href":"https:\/\/www.membersglobal.com\/de\/wp-json\/wp\/v2\/pages\/3651"}],"collection":[{"href":"https:\/\/www.membersglobal.com\/de\/wp-json\/wp\/v2\/pages"}],"about":[{"href":"https:\/\/www.membersglobal.com\/de\/wp-json\/wp\/v2\/types\/page"}],"author":[{"embeddable":true,"href":"https:\/\/www.membersglobal.com\/de\/wp-json\/wp\/v2\/users\/1"}],"replies":[{"embeddable":true,"href":"https:\/\/www.membersglobal.com\/de\/wp-json\/wp\/v2\/comments?post=3651"}],"version-history":[{"count":13,"href":"https:\/\/www.membersglobal.com\/de\/wp-json\/wp\/v2\/pages\/3651\/revisions"}],"predecessor-version":[{"id":3909,"href":"https:\/\/www.membersglobal.com\/de\/wp-json\/wp\/v2\/pages\/3651\/revisions\/3909"}],"wp:attachment":[{"href":"https:\/\/www.membersglobal.com\/de\/wp-json\/wp\/v2\/media?parent=3651"}],"curies":[{"name":"wp","href":"https:\/\/api.w.org\/{rel}","templated":true}]}}