{"id":3581,"date":"2018-02-07T11:34:04","date_gmt":"2018-02-07T10:34:04","guid":{"rendered":"http:\/\/www.memberscostablanca.com\/calpe\/"},"modified":"2018-02-20T16:57:19","modified_gmt":"2018-02-20T15:57:19","slug":"calpe","status":"publish","type":"page","link":"https:\/\/www.membersglobal.com\/de\/die-costa-blanca\/calpe\/","title":{"rendered":"Calpe"},"content":{"rendered":"<section class=\"wpb-content-wrapper\"><p>[vc_row][vc_column][vc_video link=&#8220;https:\/\/www.youtube.com\/watch?v=Ic7808Wb8wo&#8220; align=&#8220;center&#8220;][vc_row_inner][vc_column_inner width=&#8220;1\/2&#8243;][vc_single_image image=&#8220;3436&#8243; img_size=&#8220;full&#8220;][\/vc_column_inner][vc_column_inner width=&#8220;1\/2&#8243;][vc_column_text]Ya en los a\u00f1os treinta veraneaban escritores como Hemingway en Calp. Y junto al Pe\u00f1\u00f3n se instal\u00f3 el primer establecimiento hotelero de Calp: el Parador de Ifach. El Morro del Toix y el Pe\u00f1on de Ifach son los extremos de la bah\u00eda calpina. El Pe\u00f1\u00f3n de Ifach, norte en lengua fenicia, es uno de los s\u00edmbolos de Calp\u00a0y por extensi\u00f3n, de la Costa Blanca. Es el acantilado m\u00e1s alto de todo el mediterr\u00e1neo y divide en dos el litoral calpino. Su mole calc\u00e1rea de 332 metros de altitud se adentra 1 Km. en el mar formando un accidente geol\u00f3gico de primera magnitud. Parque Natural desde 1987 guarda en su interior riquezas ecol\u00f3gicas \u00fanicas como el clavel de Ifach. Se puede ascender a la cumbre mediante visitas controladas en las que se explica con detalle, en el Aula de la Naturaleza, la riqueza faun\u00edstica y bot\u00e1nica de Calp. Desde la cumbre tenemos una de las mejores vistas de toda la Costa Blanca. Calp tiene 11 kms de litoral desde Les Bassetes, pasando el Pe\u00f1\u00f3n, hasta el Morro de Toix, y playas como la de Levante o la del Arenal, con calas como las de La Manzanera, donde hay tres edificios dise\u00f1ados por Ricardo Bofill, o Les Urques donde se puede practicar el submarinismo o la pesca. La Cueva dels Coloms, en el Morro de Toix que mira a Altea, es de agua dulce y a la que s\u00f3lo se puede acceder por el mar.[\/vc_column_text][\/vc_column_inner][\/vc_row_inner][\/vc_column][\/vc_row]<\/p>\n<\/section>","protected":false},"excerpt":{"rendered":"<p>[vc_row][vc_column][vc_video link=&#8220;https:\/\/www.youtube.com\/watch?v=Ic7808Wb8wo&#8220; align=&#8220;center&#8220;][vc_row_inner][vc_column_inner width=&#8220;1\/2&#8243;][vc_single_image image=&#8220;3436&#8243; img_size=&#8220;full&#8220;][\/vc_column_inner][vc_column_inner width=&#8220;1\/2&#8243;][vc_column_text]Ya en los a\u00f1os treinta veraneaban escritores como Hemingway en Calp. Y junto al Pe\u00f1\u00f3n se instal\u00f3 el primer establecimiento hotelero de Calp: el Parador de Ifach. El Morro del Toix y el Pe\u00f1on de Ifach son los extremos de la bah\u00eda calpina. El Pe\u00f1\u00f3n de Ifach, norte en [&hellip;]<\/p>\n","protected":false},"author":1,"featured_media":3436,"parent":3585,"menu_order":3,"comment_status":"closed","ping_status":"closed","template":"page-templates\/full-width.php","meta":[],"_links":{"self":[{"href":"https:\/\/www.membersglobal.com\/de\/wp-json\/wp\/v2\/pages\/3581"}],"collection":[{"href":"https:\/\/www.membersglobal.com\/de\/wp-json\/wp\/v2\/pages"}],"about":[{"href":"https:\/\/www.membersglobal.com\/de\/wp-json\/wp\/v2\/types\/page"}],"author":[{"embeddable":true,"href":"https:\/\/www.membersglobal.com\/de\/wp-json\/wp\/v2\/users\/1"}],"replies":[{"embeddable":true,"href":"https:\/\/www.membersglobal.com\/de\/wp-json\/wp\/v2\/comments?post=3581"}],"version-history":[{"count":1,"href":"https:\/\/www.membersglobal.com\/de\/wp-json\/wp\/v2\/pages\/3581\/revisions"}],"predecessor-version":[{"id":3614,"href":"https:\/\/www.membersglobal.com\/de\/wp-json\/wp\/v2\/pages\/3581\/revisions\/3614"}],"up":[{"embeddable":true,"href":"https:\/\/www.membersglobal.com\/de\/wp-json\/wp\/v2\/pages\/3585"}],"wp:featuredmedia":[{"embeddable":true,"href":"https:\/\/www.membersglobal.com\/de\/wp-json\/wp\/v2\/media\/3436"}],"wp:attachment":[{"href":"https:\/\/www.membersglobal.com\/de\/wp-json\/wp\/v2\/media?parent=3581"}],"curies":[{"name":"wp","href":"https:\/\/api.w.org\/{rel}","templated":true}]}}